{"id":6,"date":"2016-05-12T13:31:20","date_gmt":"2016-05-12T13:31:20","guid":{"rendered":"http:\/\/ld-wp2.template-help.com\/wptheme\/ascendio-upd\/?page_id=6"},"modified":"2023-03-07T19:56:32","modified_gmt":"2023-03-07T19:56:32","slug":"estufas-pellet-exterior","status":"publish","type":"page","link":"https:\/\/bnvs.es\/fr\/estufas-pellet-exterior\/","title":{"rendered":"Po\u00eales \u00e0 granul\u00e9s d'ext\u00e9rieur"},"content":{"rendered":"<div data-elementor-type=\"wp-page\" data-elementor-id=\"6\" class=\"elementor elementor-6\">\n\t\t\t\t\t\t<div class=\"elementor-inner\">\n\t\t\t\t<div class=\"elementor-section-wrap\">\n\t\t\t\t\t\t\t\t\t<section class=\"elementor-section elementor-top-section elementor-element elementor-element-wqqhnvi elementor-section-full_width elementor-section-height-default elementor-section-height-default\" data-id=\"wqqhnvi\" data-element_type=\"section\" data-settings=\"{&quot;background_background&quot;:&quot;classic&quot;,&quot;jet_parallax_layout_list&quot;:[{&quot;jet_parallax_layout_image&quot;:{&quot;url&quot;:&quot;&quot;,&quot;id&quot;:&quot;&quot;},&quot;_id&quot;:&quot;e08cb95&quot;,&quot;jet_parallax_layout_image_tablet&quot;:{&quot;url&quot;:&quot;&quot;,&quot;id&quot;:&quot;&quot;},&quot;jet_parallax_layout_image_mobile&quot;:{&quot;url&quot;:&quot;&quot;,&quot;id&quot;:&quot;&quot;},&quot;jet_parallax_layout_speed&quot;:{&quot;unit&quot;:&quot;%&quot;,&quot;size&quot;:50,&quot;sizes&quot;:[]},&quot;jet_parallax_layout_type&quot;:&quot;scroll&quot;,&quot;jet_parallax_layout_direction&quot;:null,&quot;jet_parallax_layout_fx_direction&quot;:null,&quot;jet_parallax_layout_z_index&quot;:&quot;&quot;,&quot;jet_parallax_layout_bg_x&quot;:50,&quot;jet_parallax_layout_bg_x_tablet&quot;:&quot;&quot;,&quot;jet_parallax_layout_bg_x_mobile&quot;:&quot;&quot;,&quot;jet_parallax_layout_bg_y&quot;:50,&quot;jet_parallax_layout_bg_y_tablet&quot;:&quot;&quot;,&quot;jet_parallax_layout_bg_y_mobile&quot;:&quot;&quot;,&quot;jet_parallax_layout_bg_size&quot;:&quot;auto&quot;,&quot;jet_parallax_layout_bg_size_tablet&quot;:&quot;&quot;,&quot;jet_parallax_layout_bg_size_mobile&quot;:&quot;&quot;,&quot;jet_parallax_layout_animation_prop&quot;:&quot;transform&quot;,&quot;jet_parallax_layout_on&quot;:[&quot;desktop&quot;,&quot;tablet&quot;]}]}\">\n\t\t\t\t\t\t<div class=\"elementor-container elementor-column-gap-no\">\n\t\t\t\t\t\t\t<div class=\"elementor-row\">\n\t\t\t\t\t<div class=\"elementor-column elementor-col-100 elementor-top-column elementor-element elementor-element-hpamjcw\" data-id=\"hpamjcw\" data-element_type=\"column\">\n\t\t\t<div class=\"elementor-column-wrap elementor-element-populated\">\n\t\t\t\t\t\t\t<div class=\"elementor-widget-wrap\">\n\t\t\t\t\t\t\t\t<\/div>\n\t\t\t\t\t<\/div>\n\t\t<\/div>\n\t\t\t\t\t\t\t\t<\/div>\n\t\t\t\t\t<\/div>\n\t\t<\/section>\n\t\t\t\t<section class=\"elementor-section elementor-top-section elementor-element elementor-element-dmylrco elementor-section-full_width elementor-section-height-default elementor-section-height-default\" data-id=\"dmylrco\" data-element_type=\"section\" data-settings=\"{&quot;jet_parallax_layout_list&quot;:[{&quot;jet_parallax_layout_image&quot;:{&quot;url&quot;:&quot;&quot;,&quot;id&quot;:&quot;&quot;},&quot;_id&quot;:&quot;a9c3ab0&quot;,&quot;jet_parallax_layout_image_tablet&quot;:{&quot;url&quot;:&quot;&quot;,&quot;id&quot;:&quot;&quot;},&quot;jet_parallax_layout_image_mobile&quot;:{&quot;url&quot;:&quot;&quot;,&quot;id&quot;:&quot;&quot;},&quot;jet_parallax_layout_speed&quot;:{&quot;unit&quot;:&quot;%&quot;,&quot;size&quot;:50,&quot;sizes&quot;:[]},&quot;jet_parallax_layout_type&quot;:&quot;scroll&quot;,&quot;jet_parallax_layout_direction&quot;:null,&quot;jet_parallax_layout_fx_direction&quot;:null,&quot;jet_parallax_layout_z_index&quot;:&quot;&quot;,&quot;jet_parallax_layout_bg_x&quot;:50,&quot;jet_parallax_layout_bg_x_tablet&quot;:&quot;&quot;,&quot;jet_parallax_layout_bg_x_mobile&quot;:&quot;&quot;,&quot;jet_parallax_layout_bg_y&quot;:50,&quot;jet_parallax_layout_bg_y_tablet&quot;:&quot;&quot;,&quot;jet_parallax_layout_bg_y_mobile&quot;:&quot;&quot;,&quot;jet_parallax_layout_bg_size&quot;:&quot;auto&quot;,&quot;jet_parallax_layout_bg_size_tablet&quot;:&quot;&quot;,&quot;jet_parallax_layout_bg_size_mobile&quot;:&quot;&quot;,&quot;jet_parallax_layout_animation_prop&quot;:&quot;transform&quot;,&quot;jet_parallax_layout_on&quot;:[&quot;desktop&quot;,&quot;tablet&quot;]}],&quot;background_background&quot;:&quot;video&quot;,&quot;background_video_link&quot;:&quot;https:\\\/\\\/bnvs.es\\\/wp-content\\\/uploads\\\/2023\\\/01\\\/VIDEO-2022-06-30-17-34-08.mp4&quot;,&quot;background_video_start&quot;:10,&quot;background_video_end&quot;:50}\">\n\t\t\t\t\t\t\t\t<div class=\"elementor-background-video-container elementor-hidden-phone\">\n\t\t\t\t\t\t\t\t\t\t\t\t\t<video class=\"elementor-background-video-hosted elementor-html5-video\" autoplay muted playsinline loop><\/video>\n\t\t\t\t\t\t\t\t\t\t\t<\/div>\n\t\t\t\t\t\t\t\t\t<div class=\"elementor-background-overlay\"><\/div>\n\t\t\t\t\t\t\t<div class=\"elementor-container elementor-column-gap-default\">\n\t\t\t\t\t\t\t<div class=\"elementor-row\">\n\t\t\t\t\t<div class=\"elementor-column elementor-col-100 elementor-top-column elementor-element elementor-element-7f2741c\" data-id=\"7f2741c\" data-element_type=\"column\">\n\t\t\t<div class=\"elementor-column-wrap elementor-element-populated\">\n\t\t\t\t\t\t\t<div class=\"elementor-widget-wrap\">\n\t\t\t\t\t\t<div class=\"elementor-element elementor-element-3c21b0e elementor-widget elementor-widget-heading\" data-id=\"3c21b0e\" data-element_type=\"widget\" data-widget_type=\"heading.default\">\n\t\t\t\t<div class=\"elementor-widget-container\">\n\t\t\t<h2 class=\"elementor-heading-title elementor-size-xl\">Estufas de pellet  para Exteriores<\/h2>\t\t<\/div>\n\t\t\t\t<\/div>\n\t\t\t\t\t\t<\/div>\n\t\t\t\t\t<\/div>\n\t\t<\/div>\n\t\t\t\t\t\t\t\t<\/div>\n\t\t\t\t\t<\/div>\n\t\t<\/section>\n\t\t\t\t<section class=\"elementor-section elementor-top-section elementor-element elementor-element-0ccf333 elementor-section-full_width elementor-section-height-default elementor-section-height-default\" data-id=\"0ccf333\" data-element_type=\"section\" data-settings=\"{&quot;jet_parallax_layout_list&quot;:[]}\">\n\t\t\t\t\t\t<div class=\"elementor-container elementor-column-gap-default\">\n\t\t\t\t\t\t\t<div class=\"elementor-row\">\n\t\t\t\t\t<div class=\"elementor-column elementor-col-33 elementor-top-column elementor-element elementor-element-6534dc6 elementor-hidden-mobile\" data-id=\"6534dc6\" data-element_type=\"column\" data-settings=\"{&quot;background_background&quot;:&quot;slideshow&quot;,&quot;background_slideshow_gallery&quot;:[{&quot;id&quot;:6100,&quot;url&quot;:&quot;https:\\\/\\\/bnvs.es\\\/wp-content\\\/uploads\\\/2023\\\/01\\\/6ddfc8f2-0209-41cf-b819-e2aa3cf54392.jpg&quot;},{&quot;id&quot;:6170,&quot;url&quot;:&quot;https:\\\/\\\/bnvs.es\\\/wp-content\\\/uploads\\\/2023\\\/01\\\/spriz-tavolo-antracite.jpg&quot;},{&quot;id&quot;:6175,&quot;url&quot;:&quot;https:\\\/\\\/bnvs.es\\\/wp-content\\\/uploads\\\/2023\\\/01\\\/albi-fungo-lago-di-garda.jpg&quot;},{&quot;id&quot;:6181,&quot;url&quot;:&quot;https:\\\/\\\/bnvs.es\\\/wp-content\\\/uploads\\\/2023\\\/01\\\/NB_001.MALIPOjpg-scaled.jpg&quot;}],&quot;background_slideshow_transition_duration&quot;:1000,&quot;background_slideshow_loop&quot;:&quot;yes&quot;,&quot;background_slideshow_slide_duration&quot;:5000,&quot;background_slideshow_slide_transition&quot;:&quot;fade&quot;}\">\n\t\t\t<div class=\"elementor-column-wrap elementor-element-populated\">\n\t\t\t\t\t\t\t<div class=\"elementor-widget-wrap\">\n\t\t\t\t\t\t<div class=\"elementor-element elementor-element-dd8f035 elementor-widget elementor-widget-image\" data-id=\"dd8f035\" data-element_type=\"widget\" data-widget_type=\"image.default\">\n\t\t\t\t<div class=\"elementor-widget-container\">\n\t\t\t\t\t\t\t\t<div class=\"elementor-image\">\n\t\t\t\t\t\t\t\t\t\t\t\t<img decoding=\"async\" width=\"253\" height=\"230\" src=\"https:\/\/bnvs.es\/wp-content\/uploads\/2023\/01\/fashionFlames.png\" class=\"elementor-animation-bounce-in attachment-large size-large wp-image-6589\" alt=\"\" loading=\"lazy\" \/>\t\t\t\t\t\t\t\t\t\t\t\t\t\t<\/div>\n\t\t\t\t\t\t<\/div>\n\t\t\t\t<\/div>\n\t\t\t\t\t\t<\/div>\n\t\t\t\t\t<\/div>\n\t\t<\/div>\n\t\t\t\t<div class=\"elementor-column elementor-col-33 elementor-top-column elementor-element elementor-element-33be203\" data-id=\"33be203\" data-element_type=\"column\">\n\t\t\t<div class=\"elementor-column-wrap elementor-element-populated\">\n\t\t\t\t\t\t\t<div class=\"elementor-widget-wrap\">\n\t\t\t\t\t\t<div class=\"elementor-element elementor-element-77a0850 elementor-widget elementor-widget-shortcode\" data-id=\"77a0850\" data-element_type=\"widget\" data-widget_type=\"shortcode.default\">\n\t\t\t\t<div class=\"elementor-widget-container\">\n\t\t\t\t\t<div class=\"elementor-shortcode\"><div class=\"woocommerce columns-2\"><ul class=\"products columns-2\">\n<li class=\"product type-product post-6362 status-publish first instock product_cat-estufas_pellet product_tag-estufa product_tag-estufa-pellet has-post-thumbnail virtual product-type-simple\">\n\t<div class=\"product-content\"><\/a><h2 class=\"woocommerce-loop-product__title\"><a href=\"https:\/\/bnvs.es\/fr\/produit\/bibi-patio\/\">BIBI PATIO<\/a><\/h2><\/div><\/li>\n<li class=\"product type-product post-6366 status-publish last instock product_cat-estufas_pellet product_tag-estufa product_tag-estufa-pellet has-post-thumbnail virtual product-type-simple\">\n\t<div class=\"product-content\"><\/a><h2 class=\"woocommerce-loop-product__title\"><a href=\"https:\/\/bnvs.es\/fr\/produit\/malipo\/\">MALIPO<\/a><\/h2><\/div><\/li>\n<li class=\"product type-product post-6368 status-publish first instock product_cat-estufas_pellet product_tag-estufa product_tag-estufa-pellet has-post-thumbnail virtual product-type-simple\">\n\t<div class=\"product-content\"><\/a><h2 class=\"woocommerce-loop-product__title\"><a href=\"https:\/\/bnvs.es\/fr\/produit\/estufa-tipo-seta-albi\/\">PO\u00caLE \u00c0 CHAMPIGNONS ALBI<\/a><\/h2><\/div><\/li>\n<li class=\"product type-product post-6370 status-publish last instock product_cat-estufas_pellet product_tag-estufa product_tag-estufa-pellet has-post-thumbnail virtual product-type-simple\">\n\t<div class=\"product-content\"><\/a><h2 class=\"woocommerce-loop-product__title\"><a href=\"https:\/\/bnvs.es\/fr\/produit\/estufa-tipo-seta-spritz\/\">PO\u00caLE \u00c0 CHAMPIGNONS SPRITZ<\/a><\/h2><\/div><\/li>\n<li class=\"product type-product post-6372 status-publish first instock product_cat-estufas_pellet product_tag-estufa product_tag-estufa-pellet has-post-thumbnail virtual product-type-simple\">\n\t<div class=\"product-content\"><\/a><h2 class=\"woocommerce-loop-product__title\"><a href=\"https:\/\/bnvs.es\/fr\/produit\/estufa-tipo-mesa-albi\/\">PO\u00caLE DE TABLE ALBI<\/a><\/h2><\/div><\/li>\n<li class=\"product type-product post-6374 status-publish last instock product_cat-estufas_pellet product_tag-estufa product_tag-estufa-pellet has-post-thumbnail virtual product-type-simple\">\n\t<div class=\"product-content\"><\/a><h2 class=\"woocommerce-loop-product__title\"><a href=\"https:\/\/bnvs.es\/fr\/produit\/estufa-tipo-mesa-spritz\/\">PO\u00caLE DE TABLE SPRITZ<\/a><\/h2><\/div><\/li>\n<\/ul>\n<\/div><\/div>\n\t\t\t\t<\/div>\n\t\t\t\t<\/div>\n\t\t\t\t\t\t<\/div>\n\t\t\t\t\t<\/div>\n\t\t<\/div>\n\t\t\t\t<div class=\"elementor-column elementor-col-33 elementor-top-column elementor-element elementor-element-db55e18\" data-id=\"db55e18\" data-element_type=\"column\" data-settings=\"{&quot;background_background&quot;:&quot;slideshow&quot;,&quot;background_slideshow_gallery&quot;:[{&quot;id&quot;:6590,&quot;url&quot;:&quot;https:\\\/\\\/bnvs.es\\\/wp-content\\\/uploads\\\/2023\\\/01\\\/parella.png&quot;},{&quot;id&quot;:6166,&quot;url&quot;:&quot;https:\\\/\\\/bnvs.es\\\/wp-content\\\/uploads\\\/2023\\\/01\\\/PHOTO-2022-12-16-14-12-31.jpg&quot;},{&quot;id&quot;:6174,&quot;url&quot;:&quot;https:\\\/\\\/bnvs.es\\\/wp-content\\\/uploads\\\/2023\\\/01\\\/albi-fungo-bilive.jpg&quot;},{&quot;id&quot;:6365,&quot;url&quot;:&quot;https:\\\/\\\/bnvs.es\\\/wp-content\\\/uploads\\\/2023\\\/01\\\/BIBI-PATIO11.png&quot;}],&quot;background_slideshow_loop&quot;:&quot;yes&quot;,&quot;background_slideshow_slide_duration&quot;:5000,&quot;background_slideshow_slide_transition&quot;:&quot;fade&quot;,&quot;background_slideshow_transition_duration&quot;:500}\">\n\t\t\t<div class=\"elementor-column-wrap\">\n\t\t\t\t\t\t\t<div class=\"elementor-widget-wrap\">\n\t\t\t\t\t\t\t\t<\/div>\n\t\t\t\t\t<\/div>\n\t\t<\/div>\n\t\t\t\t\t\t\t\t<\/div>\n\t\t\t\t\t<\/div>\n\t\t<\/section>\n\t\t\t\t\t\t\t\t\t<\/div>\n\t\t\t<\/div>\n\t\t\t\t\t<\/div>","protected":false},"excerpt":{"rendered":"<p>Estufas de pellet para Exteriores<\/p>","protected":false},"author":1,"featured_media":0,"parent":0,"menu_order":0,"comment_status":"closed","ping_status":"closed","template":"elementor_header_footer","meta":[],"yoast_head":"<!-- This site is optimized with the Yoast SEO plugin v20.1 - https:\/\/yoast.com\/wordpress\/plugins\/seo\/ -->\n<title>Estufas de Pellet Exterior - Bonvert Solutions<\/title>\n<meta name=\"robots\" content=\"index, follow, max-snippet:-1, max-image-preview:large, max-video-preview:-1\" \/>\n<link rel=\"canonical\" href=\"https:\/\/bnvs.es\/fr\/estufas-pellet-exterior\/\" \/>\n<meta property=\"og:locale\" content=\"fr_FR\" \/>\n<meta property=\"og:type\" content=\"article\" \/>\n<meta property=\"og:title\" content=\"Estufas de Pellet Exterior - Bonvert Solutions\" \/>\n<meta property=\"og:description\" content=\"Estufas de pellet para Exteriores\" \/>\n<meta property=\"og:url\" content=\"https:\/\/bnvs.es\/fr\/estufas-pellet-exterior\/\" \/>\n<meta property=\"og:site_name\" content=\"Bonvert Solutions\" \/>\n<meta property=\"article:modified_time\" content=\"2023-03-07T19:56:32+00:00\" \/>\n<meta property=\"og:image\" content=\"https:\/\/bnvs.es\/wp-content\/uploads\/2023\/01\/fashionFlames.png\" \/>\n<meta name=\"twitter:card\" content=\"summary_large_image\" \/>\n<meta name=\"twitter:label1\" content=\"Dur\u00e9e de lecture estim\u00e9e\" \/>\n\t<meta name=\"twitter:data1\" content=\"1 minute\" \/>\n<script type=\"application\/ld+json\" class=\"yoast-schema-graph\">{\"@context\":\"https:\/\/schema.org\",\"@graph\":[{\"@type\":\"WebPage\",\"@id\":\"https:\/\/bnvs.es\/estufas-pellet-exterior\/\",\"url\":\"https:\/\/bnvs.es\/estufas-pellet-exterior\/\",\"name\":\"Estufas de Pellet Exterior - Bonvert Solutions\",\"isPartOf\":{\"@id\":\"https:\/\/bnvs.es\/#website\"},\"datePublished\":\"2016-05-12T13:31:20+00:00\",\"dateModified\":\"2023-03-07T19:56:32+00:00\",\"breadcrumb\":{\"@id\":\"https:\/\/bnvs.es\/estufas-pellet-exterior\/#breadcrumb\"},\"inLanguage\":\"fr-FR\",\"potentialAction\":[{\"@type\":\"ReadAction\",\"target\":[\"https:\/\/bnvs.es\/estufas-pellet-exterior\/\"]}]},{\"@type\":\"BreadcrumbList\",\"@id\":\"https:\/\/bnvs.es\/estufas-pellet-exterior\/#breadcrumb\",\"itemListElement\":[{\"@type\":\"ListItem\",\"position\":1,\"name\":\"Portada\",\"item\":\"https:\/\/bnvs.es\/\"},{\"@type\":\"ListItem\",\"position\":2,\"name\":\"Estufas de Pellet Exterior\"}]},{\"@type\":\"WebSite\",\"@id\":\"https:\/\/bnvs.es\/#website\",\"url\":\"https:\/\/bnvs.es\/\",\"name\":\"Bonvert Solutions\",\"description\":\"BONVERT SOLUTIONS es una empresa del sector de las energ\u00edas renovables y la biomasa en Europa\",\"publisher\":{\"@id\":\"https:\/\/bnvs.es\/#organization\"},\"potentialAction\":[{\"@type\":\"SearchAction\",\"target\":{\"@type\":\"EntryPoint\",\"urlTemplate\":\"https:\/\/bnvs.es\/?s={search_term_string}\"},\"query-input\":\"required name=search_term_string\"}],\"inLanguage\":\"fr-FR\"},{\"@type\":\"Organization\",\"@id\":\"https:\/\/bnvs.es\/#organization\",\"name\":\"Bonvert Solutions\",\"url\":\"https:\/\/bnvs.es\/\",\"logo\":{\"@type\":\"ImageObject\",\"inLanguage\":\"fr-FR\",\"@id\":\"https:\/\/bnvs.es\/#\/schema\/logo\/image\/\",\"url\":\"https:\/\/bnvs.es\/wp-content\/uploads\/2023\/01\/bonvert5eL.png\",\"contentUrl\":\"https:\/\/bnvs.es\/wp-content\/uploads\/2023\/01\/bonvert5eL.png\",\"width\":800,\"height\":280,\"caption\":\"Bonvert Solutions\"},\"image\":{\"@id\":\"https:\/\/bnvs.es\/#\/schema\/logo\/image\/\"}}]}<\/script>\n<!-- \/ Yoast SEO plugin. -->","yoast_head_json":{"title":"Estufas de Pellet Exterior - Bonvert Solutions","robots":{"index":"index","follow":"follow","max-snippet":"max-snippet:-1","max-image-preview":"max-image-preview:large","max-video-preview":"max-video-preview:-1"},"canonical":"https:\/\/bnvs.es\/fr\/estufas-pellet-exterior\/","og_locale":"fr_FR","og_type":"article","og_title":"Estufas de Pellet Exterior - Bonvert Solutions","og_description":"Estufas de pellet para Exteriores","og_url":"https:\/\/bnvs.es\/fr\/estufas-pellet-exterior\/","og_site_name":"Bonvert Solutions","article_modified_time":"2023-03-07T19:56:32+00:00","og_image":[{"url":"https:\/\/bnvs.es\/wp-content\/uploads\/2023\/01\/fashionFlames.png"}],"twitter_card":"summary_large_image","twitter_misc":{"Dur\u00e9e de lecture estim\u00e9e":"1 minute"},"schema":{"@context":"https:\/\/schema.org","@graph":[{"@type":"WebPage","@id":"https:\/\/bnvs.es\/estufas-pellet-exterior\/","url":"https:\/\/bnvs.es\/estufas-pellet-exterior\/","name":"Estufas de Pellet Exterior - Bonvert Solutions","isPartOf":{"@id":"https:\/\/bnvs.es\/#website"},"datePublished":"2016-05-12T13:31:20+00:00","dateModified":"2023-03-07T19:56:32+00:00","breadcrumb":{"@id":"https:\/\/bnvs.es\/estufas-pellet-exterior\/#breadcrumb"},"inLanguage":"fr-FR","potentialAction":[{"@type":"ReadAction","target":["https:\/\/bnvs.es\/estufas-pellet-exterior\/"]}]},{"@type":"BreadcrumbList","@id":"https:\/\/bnvs.es\/estufas-pellet-exterior\/#breadcrumb","itemListElement":[{"@type":"ListItem","position":1,"name":"Portada","item":"https:\/\/bnvs.es\/"},{"@type":"ListItem","position":2,"name":"Estufas de Pellet Exterior"}]},{"@type":"WebSite","@id":"https:\/\/bnvs.es\/#website","url":"https:\/\/bnvs.es\/","name":"Bonvert Solutions","description":"BONVERT SOLUTIONS es una empresa del sector de las energ\u00edas renovables y la biomasa en Europa","publisher":{"@id":"https:\/\/bnvs.es\/#organization"},"potentialAction":[{"@type":"SearchAction","target":{"@type":"EntryPoint","urlTemplate":"https:\/\/bnvs.es\/?s={search_term_string}"},"query-input":"required name=search_term_string"}],"inLanguage":"fr-FR"},{"@type":"Organization","@id":"https:\/\/bnvs.es\/#organization","name":"Bonvert Solutions","url":"https:\/\/bnvs.es\/","logo":{"@type":"ImageObject","inLanguage":"fr-FR","@id":"https:\/\/bnvs.es\/#\/schema\/logo\/image\/","url":"https:\/\/bnvs.es\/wp-content\/uploads\/2023\/01\/bonvert5eL.png","contentUrl":"https:\/\/bnvs.es\/wp-content\/uploads\/2023\/01\/bonvert5eL.png","width":800,"height":280,"caption":"Bonvert Solutions"},"image":{"@id":"https:\/\/bnvs.es\/#\/schema\/logo\/image\/"}}]}},"_links":{"self":[{"href":"https:\/\/bnvs.es\/fr\/wp-json\/wp\/v2\/pages\/6"}],"collection":[{"href":"https:\/\/bnvs.es\/fr\/wp-json\/wp\/v2\/pages"}],"about":[{"href":"https:\/\/bnvs.es\/fr\/wp-json\/wp\/v2\/types\/page"}],"author":[{"embeddable":true,"href":"https:\/\/bnvs.es\/fr\/wp-json\/wp\/v2\/users\/1"}],"replies":[{"embeddable":true,"href":"https:\/\/bnvs.es\/fr\/wp-json\/wp\/v2\/comments?post=6"}],"version-history":[{"count":123,"href":"https:\/\/bnvs.es\/fr\/wp-json\/wp\/v2\/pages\/6\/revisions"}],"predecessor-version":[{"id":7486,"href":"https:\/\/bnvs.es\/fr\/wp-json\/wp\/v2\/pages\/6\/revisions\/7486"}],"wp:attachment":[{"href":"https:\/\/bnvs.es\/fr\/wp-json\/wp\/v2\/media?parent=6"}],"curies":[{"name":"wp","href":"https:\/\/api.w.org\/{rel}","templated":true}]}}